{"id":258,"date":"2024-03-15T18:16:44","date_gmt":"2024-03-15T18:16:44","guid":{"rendered":"https:\/\/juancabral.me\/habite\/?post_type=product&#038;p=258"},"modified":"2024-04-12T18:54:59","modified_gmt":"2024-04-12T18:54:59","slug":"jazmin","status":"publish","type":"product","link":"https:\/\/juancabral.me\/habite\/producto\/jazmin\/","title":{"rendered":"Jazm\u00edn"},"content":{"rendered":"","protected":false},"excerpt":{"rendered":"<p>El Jazm\u00edn es de nuestros follajes favoritos a la hora de realizar alg\u00fan dise\u00f1o, pues ayudar\u00e1 a crear profundidad, marcar curvas y dar un aspecto lindo y natural<\/p>\n<p>Follaje Artificial Jazm\u00edn<\/p>\n<p>Medida 1m x 1m<br \/>\nF\u00e1cil y r\u00e1pida instalaci\u00f3n<br \/>\nFollaje con protecci\u00f3n UV<br \/>\nTratamiento para no generar insectos y plagas<br \/>\nPara uso exterior e interior<br \/>\nIdeal para decorar bardas de concreto, fachadas y mallas perimetrales<br \/>\nNo requiere mantenimiento<br \/>\nGarant\u00eda de 5 a\u00f1os por defecto de fabrica<br \/>\n* El costo del follaje no incluye instalaci\u00f3n<\/p>\n","protected":false},"featured_media":259,"comment_status":"open","ping_status":"closed","template":"","meta":{"_joinchat":[]},"product_cat":[28,32,31],"product_tag":[],"class_list":{"0":"post-258","1":"product","2":"type-product","3":"status-publish","4":"has-post-thumbnail","6":"product_cat-follaje-elite","7":"product_cat-home","8":"product_cat-tienda","10":"first","11":"instock","12":"taxable","13":"shipping-taxable","14":"purchasable","15":"product-type-simple"},"_links":{"self":[{"href":"https:\/\/juancabral.me\/habite\/wp-json\/wp\/v2\/product\/258","targetHints":{"allow":["GET"]}}],"collection":[{"href":"https:\/\/juancabral.me\/habite\/wp-json\/wp\/v2\/product"}],"about":[{"href":"https:\/\/juancabral.me\/habite\/wp-json\/wp\/v2\/types\/product"}],"replies":[{"embeddable":true,"href":"https:\/\/juancabral.me\/habite\/wp-json\/wp\/v2\/comments?post=258"}],"wp:featuredmedia":[{"embeddable":true,"href":"https:\/\/juancabral.me\/habite\/wp-json\/wp\/v2\/media\/259"}],"wp:attachment":[{"href":"https:\/\/juancabral.me\/habite\/wp-json\/wp\/v2\/media?parent=258"}],"wp:term":[{"taxonomy":"product_cat","embeddable":true,"href":"https:\/\/juancabral.me\/habite\/wp-json\/wp\/v2\/product_cat?post=258"},{"taxonomy":"product_tag","embeddable":true,"href":"https:\/\/juancabral.me\/habite\/wp-json\/wp\/v2\/product_tag?post=258"}],"curies":[{"name":"wp","href":"https:\/\/api.w.org\/{rel}","templated":true}]}}