{"id":269,"date":"2024-03-19T18:12:10","date_gmt":"2024-03-19T18:12:10","guid":{"rendered":"https:\/\/juancabral.me\/habite\/?post_type=product&#038;p=269"},"modified":"2024-04-12T18:57:45","modified_gmt":"2024-04-12T18:57:45","slug":"croto-brasileno","status":"publish","type":"product","link":"https:\/\/juancabral.me\/habite\/producto\/croto-brasileno\/","title":{"rendered":"Croto Brasile\u00f1o"},"content":{"rendered":"","protected":false},"excerpt":{"rendered":"<p>Para gustos exoticos, tenemos follajes exoticos como el caso del Croto Brasile\u00f1o<\/p>\n<p>Follaje Croto Brasile\u00f1o<\/p>\n<p>Medida 1m x 1m<br \/>\nF\u00e1cil y r\u00e1pida instalaci\u00f3n<br \/>\nFollaje con protecci\u00f3n UV<br \/>\nTratamiento para no generar insectos y plagas<br \/>\nPara uso exterior e interior<br \/>\nIdeal para decorar bardas de concreto, fachadas y mallas perimetrales<br \/>\nNo requiere mantenimiento<br \/>\nGarant\u00eda de 5 a\u00f1os por defecto de fabrica<br \/>\n* El costo del follaje no incluye instalaci\u00f3n<\/p>\n","protected":false},"featured_media":270,"comment_status":"open","ping_status":"closed","template":"","meta":{"_joinchat":[]},"product_cat":[28,31],"product_tag":[],"class_list":{"0":"post-269","1":"product","2":"type-product","3":"status-publish","4":"has-post-thumbnail","6":"product_cat-follaje-elite","7":"product_cat-tienda","9":"first","10":"instock","11":"taxable","12":"shipping-taxable","13":"purchasable","14":"product-type-simple"},"_links":{"self":[{"href":"https:\/\/juancabral.me\/habite\/wp-json\/wp\/v2\/product\/269","targetHints":{"allow":["GET"]}}],"collection":[{"href":"https:\/\/juancabral.me\/habite\/wp-json\/wp\/v2\/product"}],"about":[{"href":"https:\/\/juancabral.me\/habite\/wp-json\/wp\/v2\/types\/product"}],"replies":[{"embeddable":true,"href":"https:\/\/juancabral.me\/habite\/wp-json\/wp\/v2\/comments?post=269"}],"wp:featuredmedia":[{"embeddable":true,"href":"https:\/\/juancabral.me\/habite\/wp-json\/wp\/v2\/media\/270"}],"wp:attachment":[{"href":"https:\/\/juancabral.me\/habite\/wp-json\/wp\/v2\/media?parent=269"}],"wp:term":[{"taxonomy":"product_cat","embeddable":true,"href":"https:\/\/juancabral.me\/habite\/wp-json\/wp\/v2\/product_cat?post=269"},{"taxonomy":"product_tag","embeddable":true,"href":"https:\/\/juancabral.me\/habite\/wp-json\/wp\/v2\/product_tag?post=269"}],"curies":[{"name":"wp","href":"https:\/\/api.w.org\/{rel}","templated":true}]}}