{"id":29,"date":"2024-01-30T10:29:21","date_gmt":"2024-01-30T10:29:21","guid":{"rendered":"https:\/\/juancabral.me\/habite\/?post_type=product&#038;p=29"},"modified":"2024-03-13T23:19:44","modified_gmt":"2024-03-13T23:19:44","slug":"boxus-mix","status":"publish","type":"product","link":"https:\/\/juancabral.me\/habite\/producto\/boxus-mix\/","title":{"rendered":"Boxus Mix"},"content":{"rendered":"","protected":false},"excerpt":{"rendered":"<p>Embellece tus espacios con los mejores follajes artificiales para tu jard\u00edn vertical<\/p>\n<p>Follaje Artificial Boxus Mix<\/p>\n<p>Medida 1m x 1m<br \/>\nF\u00e1cil y r\u00e1pida instalaci\u00f3n<br \/>\nFollaje con protecci\u00f3n UV<br \/>\nTratamiento para no generar insectos y plagas<br \/>\nPara uso exterior e interior<br \/>\nIdeal para decorar bardas de concreto, fachadas y mallas perimetrales<br \/>\nNo requiere mantenimiento<br \/>\nGarant\u00eda de 5 a\u00f1os por defecto de fabrica<br \/>\n* El costo del follaje no incluye instalaci\u00f3n<\/p>\n","protected":false},"featured_media":233,"comment_status":"open","ping_status":"closed","template":"","meta":{"_joinchat":[]},"product_cat":[28],"product_tag":[],"class_list":{"0":"post-29","1":"product","2":"type-product","3":"status-publish","4":"has-post-thumbnail","6":"product_cat-follaje-elite","8":"first","9":"instock","10":"taxable","11":"shipping-taxable","12":"purchasable","13":"product-type-simple"},"_links":{"self":[{"href":"https:\/\/juancabral.me\/habite\/wp-json\/wp\/v2\/product\/29","targetHints":{"allow":["GET"]}}],"collection":[{"href":"https:\/\/juancabral.me\/habite\/wp-json\/wp\/v2\/product"}],"about":[{"href":"https:\/\/juancabral.me\/habite\/wp-json\/wp\/v2\/types\/product"}],"replies":[{"embeddable":true,"href":"https:\/\/juancabral.me\/habite\/wp-json\/wp\/v2\/comments?post=29"}],"wp:featuredmedia":[{"embeddable":true,"href":"https:\/\/juancabral.me\/habite\/wp-json\/wp\/v2\/media\/233"}],"wp:attachment":[{"href":"https:\/\/juancabral.me\/habite\/wp-json\/wp\/v2\/media?parent=29"}],"wp:term":[{"taxonomy":"product_cat","embeddable":true,"href":"https:\/\/juancabral.me\/habite\/wp-json\/wp\/v2\/product_cat?post=29"},{"taxonomy":"product_tag","embeddable":true,"href":"https:\/\/juancabral.me\/habite\/wp-json\/wp\/v2\/product_tag?post=29"}],"curies":[{"name":"wp","href":"https:\/\/api.w.org\/{rel}","templated":true}]}}