{"id":7092,"date":"2023-11-27T09:28:51","date_gmt":"2023-11-27T09:28:51","guid":{"rendered":"https:\/\/juancabral.me\/uphome\/blog-y-articulos\/"},"modified":"2024-01-24T14:30:49","modified_gmt":"2024-01-24T14:30:49","slug":"blog-y-articulos","status":"publish","type":"page","link":"https:\/\/juancabral.me\/uphome\/es\/blog-y-articulos\/","title":{"rendered":"Blog Y Art\u00edculos"},"content":{"rendered":"<div class=\"wpb-content-wrapper\">[vc_row css=&#8221;.vc_custom_1702267722937{padding-top: 7% !important;padding-bottom: 7% !important;}&#8221;][vc_column][vc_row_inner][vc_column_inner width=&#8221;1\/2&#8243;][vc_custom_heading text=&#8221;Blogs Y Art\u00edculos&#8221; font_container=&#8221;tag:h1|text_align:left&#8221; use_theme_fonts=&#8221;yes&#8221; css_animation=&#8221;fadeInLeft&#8221;][\/vc_column_inner][vc_column_inner width=&#8221;1\/2&#8243;][vc_custom_heading text=&#8221;\u00daltimas noticias, art\u00edculos e informaci\u00f3n.&#8221; use_theme_fonts=&#8221;yes&#8221; css_animation=&#8221;fadeInLeft&#8221;][\/vc_column_inner][\/vc_row_inner][\/vc_column][\/vc_row][vc_row css=&#8221;.vc_custom_1702267785108{padding-top: 3% !important;padding-bottom: 3% !important;}&#8221;][vc_column][vc_row_inner][vc_column_inner][vc_raw_html]W3dwX2Jsb2dfZGVzaWduZXJd[\/vc_raw_html][\/vc_column_inner][\/vc_row_inner][\/vc_column][\/vc_row]\n<\/div>","protected":false},"excerpt":{"rendered":"<p>[vc_row css=&#8221;.vc_custom_1702267722937{padding-top: 7% !important;padding-bottom: 7% !important;}&#8221;][vc_column][vc_row_inner][vc_column_inner width=&#8221;1\/2&#8243;][vc_custom_heading text=&#8221;Blogs Y Art\u00edculos&#8221; font_container=&#8221;tag:h1|text_align:left&#8221; use_theme_fonts=&#8221;yes&#8221; css_animation=&#8221;fadeInLeft&#8221;][\/vc_column_inner][vc_column_inner width=&#8221;1\/2&#8243;][vc_custom_heading text=&#8221;\u00daltimas [&hellip;]<\/p>\n","protected":false},"author":1,"featured_media":0,"parent":0,"menu_order":0,"comment_status":"closed","ping_status":"closed","template":"","meta":{"footnotes":""},"class_list":["post-7092","page","type-page","status-publish","hentry"],"_links":{"self":[{"href":"https:\/\/juancabral.me\/uphome\/es\/wp-json\/wp\/v2\/pages\/7092","targetHints":{"allow":["GET"]}}],"collection":[{"href":"https:\/\/juancabral.me\/uphome\/es\/wp-json\/wp\/v2\/pages"}],"about":[{"href":"https:\/\/juancabral.me\/uphome\/es\/wp-json\/wp\/v2\/types\/page"}],"author":[{"embeddable":true,"href":"https:\/\/juancabral.me\/uphome\/es\/wp-json\/wp\/v2\/users\/1"}],"replies":[{"embeddable":true,"href":"https:\/\/juancabral.me\/uphome\/es\/wp-json\/wp\/v2\/comments?post=7092"}],"version-history":[{"count":3,"href":"https:\/\/juancabral.me\/uphome\/es\/wp-json\/wp\/v2\/pages\/7092\/revisions"}],"predecessor-version":[{"id":7095,"href":"https:\/\/juancabral.me\/uphome\/es\/wp-json\/wp\/v2\/pages\/7092\/revisions\/7095"}],"wp:attachment":[{"href":"https:\/\/juancabral.me\/uphome\/es\/wp-json\/wp\/v2\/media?parent=7092"}],"curies":[{"name":"wp","href":"https:\/\/api.w.org\/{rel}","templated":true}]}}